{"id":176,"date":"2022-05-10T13:15:19","date_gmt":"2022-05-10T10:15:19","guid":{"rendered":"https:\/\/visitoulufi.test.cchosting.fi\/?page_id=176"},"modified":"2025-08-18T11:39:37","modified_gmt":"2025-08-18T08:39:37","slug":"meetings-groups","status":"publish","type":"page","link":"http:\/\/visitoulufi-2025-10-14_10_27_17.test.cchosting.fi\/en\/meetings-groups\/","title":{"rendered":"Organise a meeting or event in the Oulu region"},"content":{"rendered":"<figure class=\"wp-block-pullquote\"><blockquote><p>The combination of northern nature and urban culture makes for great meetings and congresses, corporate events, community days and more. Oulu and the surrounding areas offer a diverse range of experiential meeting facilities, including accommodation, meeting rooms, programmes and transport.<\/p><\/blockquote><\/figure>","protected":false},"excerpt":{"rendered":"<p>Pohjoisen luonnon ja urbaanin kulttuurin yhdistelm\u00e4st\u00e4 syntyy upeita kokouksia ja kongresseja, yritystapahtumia, ty\u00f6yhteis\u00f6n virkistysp\u00e4ivi\u00e4 ja muita tilaisuuksia. Oulussa ja l\u00e4hialueilla on kirjava sikerm\u00e4 el\u00e4myksellisi\u00e4 kokouspuitteita majoituksineen, kokoustiloineen, ohjelmineen ja kuljetuksineen. [&#8230;]<\/p>\n<p><a class=\"btn btn-secondary understrap-read-more-link\" href=\"http:\/\/visitoulufi-2025-10-14_10_27_17.test.cchosting.fi\/en\/meetings-groups\/\">Read More&#8230;<span class=\"screen-reader-text\"> from J\u00e4rjest\u00e4 kokous tai tapahtuma Oulun seudulla<\/span><\/a><\/p>","protected":false},"author":1,"featured_media":399,"parent":0,"menu_order":0,"comment_status":"closed","ping_status":"closed","template":"","meta":{"_acf_changed":false,"content-type":"","footnotes":""},"coauthors":[160,157],"class_list":["post-176","page","type-page","status-publish","has-post-thumbnail","hentry"],"acf":[],"yoast_head":"<!-- This site is optimized with the Yoast SEO plugin v26.0 - https:\/\/yoast.com\/wordpress\/plugins\/seo\/ -->\n<title>J\u00e4rjest\u00e4 kokous tai tapahtuma Oulun seudulla - Visit Oulu<\/title>\n<meta name=\"robots\" content=\"index, follow, max-snippet:-1, max-image-preview:large, max-video-preview:-1\" \/>\n<link rel=\"canonical\" href=\"https:\/\/visitoulufi-2025-10-14_10_27_17.test.cchosting.fi\/en\/meetings-groups\/\" \/>\n<meta property=\"og:locale\" content=\"en_US\" \/>\n<meta property=\"og:type\" content=\"article\" \/>\n<meta property=\"og:title\" content=\"J\u00e4rjest\u00e4 kokous tai tapahtuma Oulun seudulla - Visit Oulu\" \/>\n<meta property=\"og:description\" content=\"Pohjoisen luonnon ja urbaanin kulttuurin yhdistelm\u00e4st\u00e4 syntyy upeita kokouksia ja kongresseja, yritystapahtumia, ty\u00f6yhteis\u00f6n virkistysp\u00e4ivi\u00e4 ja muita tilaisuuksia. Oulussa ja l\u00e4hialueilla on kirjava sikerm\u00e4 el\u00e4myksellisi\u00e4 kokouspuitteita majoituksineen, kokoustiloineen, ohjelmineen ja kuljetuksineen. [...]Read More... from J\u00e4rjest\u00e4 kokous tai tapahtuma Oulun seudulla\" \/>\n<meta property=\"og:url\" content=\"https:\/\/visitoulufi-2025-10-14_10_27_17.test.cchosting.fi\/en\/meetings-groups\/\" \/>\n<meta property=\"og:site_name\" content=\"Visit Oulu\" \/>\n<meta property=\"article:modified_time\" content=\"2025-08-18T08:39:37+00:00\" \/>\n<meta property=\"og:image\" content=\"https:\/\/visitoulufi-2025-10-14_10_27_17.test.cchosting.fi\/wp-content\/uploads\/2022\/05\/VisitOulu_F94I3594-scaled.jpg\" \/>\n\t<meta property=\"og:image:width\" content=\"2560\" \/>\n\t<meta property=\"og:image:height\" content=\"1707\" \/>\n\t<meta property=\"og:image:type\" content=\"image\/jpeg\" \/>\n<meta name=\"twitter:card\" content=\"summary_large_image\" \/>\n<meta name=\"twitter:label1\" content=\"Est. reading time\" \/>\n\t<meta name=\"twitter:data1\" content=\"4 minutes\" \/>\n\t<meta name=\"twitter:label2\" content=\"Written by\" \/>\n\t<meta name=\"twitter:data2\" content=\"juha, Helena Pikkarainen\" \/>\n<script type=\"application\/ld+json\" class=\"yoast-schema-graph\">{\"@context\":\"https:\/\/schema.org\",\"@graph\":[{\"@type\":\"WebPage\",\"@id\":\"https:\/\/visitoulufi-2025-10-14_10_27_17.test.cchosting.fi\/kokoukset-ryhmat\/\",\"url\":\"https:\/\/visitoulufi-2025-10-14_10_27_17.test.cchosting.fi\/kokoukset-ryhmat\/\",\"name\":\"J\u00e4rjest\u00e4 kokous tai tapahtuma Oulun seudulla - Visit Oulu\",\"isPartOf\":{\"@id\":\"https:\/\/visitoulufi-2025-10-14_10_27_17.test.cchosting.fi\/#website\"},\"primaryImageOfPage\":{\"@id\":\"https:\/\/visitoulufi-2025-10-14_10_27_17.test.cchosting.fi\/kokoukset-ryhmat\/#primaryimage\"},\"image\":{\"@id\":\"https:\/\/visitoulufi-2025-10-14_10_27_17.test.cchosting.fi\/kokoukset-ryhmat\/#primaryimage\"},\"thumbnailUrl\":\"https:\/\/visitoulufi-2025-10-14_10_27_17.test.cchosting.fi\/wp-content\/uploads\/2022\/05\/VisitOulu_F94I3594-scaled.jpg\",\"datePublished\":\"2022-05-10T10:15:19+00:00\",\"dateModified\":\"2025-08-18T08:39:37+00:00\",\"breadcrumb\":{\"@id\":\"https:\/\/visitoulufi-2025-10-14_10_27_17.test.cchosting.fi\/kokoukset-ryhmat\/#breadcrumb\"},\"inLanguage\":\"en-US\",\"potentialAction\":[{\"@type\":\"ReadAction\",\"target\":[\"https:\/\/visitoulufi-2025-10-14_10_27_17.test.cchosting.fi\/kokoukset-ryhmat\/\"]}]},{\"@type\":\"ImageObject\",\"inLanguage\":\"en-US\",\"@id\":\"https:\/\/visitoulufi-2025-10-14_10_27_17.test.cchosting.fi\/kokoukset-ryhmat\/#primaryimage\",\"url\":\"https:\/\/visitoulufi-2025-10-14_10_27_17.test.cchosting.fi\/wp-content\/uploads\/2022\/05\/VisitOulu_F94I3594-scaled.jpg\",\"contentUrl\":\"https:\/\/visitoulufi-2025-10-14_10_27_17.test.cchosting.fi\/wp-content\/uploads\/2022\/05\/VisitOulu_F94I3594-scaled.jpg\",\"width\":2560,\"height\":1707,\"caption\":\"Kokous ja kongressi\"},{\"@type\":\"BreadcrumbList\",\"@id\":\"https:\/\/visitoulufi-2025-10-14_10_27_17.test.cchosting.fi\/kokoukset-ryhmat\/#breadcrumb\",\"itemListElement\":[{\"@type\":\"ListItem\",\"position\":1,\"name\":\"Etusivu\",\"item\":\"https:\/\/visitoulufi-2025-10-14_10_27_17.test.cchosting.fi\/\"},{\"@type\":\"ListItem\",\"position\":2,\"name\":\"J\u00e4rjest\u00e4 kokous tai tapahtuma Oulun seudulla\"}]},{\"@type\":\"WebSite\",\"@id\":\"https:\/\/visitoulufi-2025-10-14_10_27_17.test.cchosting.fi\/#website\",\"url\":\"https:\/\/visitoulufi-2025-10-14_10_27_17.test.cchosting.fi\/\",\"name\":\"Visit Oulu\",\"description\":\"\",\"potentialAction\":[{\"@type\":\"SearchAction\",\"target\":{\"@type\":\"EntryPoint\",\"urlTemplate\":\"https:\/\/visitoulufi-2025-10-14_10_27_17.test.cchosting.fi\/?s={search_term_string}\"},\"query-input\":{\"@type\":\"PropertyValueSpecification\",\"valueRequired\":true,\"valueName\":\"search_term_string\"}}],\"inLanguage\":\"en-US\"}]}<\/script>\n<!-- \/ Yoast SEO plugin. -->","yoast_head_json":{"title":"Organise a meeting or event in the Oulu region - Visit Oulu","robots":{"index":"index","follow":"follow","max-snippet":"max-snippet:-1","max-image-preview":"max-image-preview:large","max-video-preview":"max-video-preview:-1"},"canonical":"https:\/\/visitoulufi-2025-10-14_10_27_17.test.cchosting.fi\/en\/meetings-groups\/","og_locale":"en_US","og_type":"article","og_title":"J\u00e4rjest\u00e4 kokous tai tapahtuma Oulun seudulla - Visit Oulu","og_description":"Pohjoisen luonnon ja urbaanin kulttuurin yhdistelm\u00e4st\u00e4 syntyy upeita kokouksia ja kongresseja, yritystapahtumia, ty\u00f6yhteis\u00f6n virkistysp\u00e4ivi\u00e4 ja muita tilaisuuksia. Oulussa ja l\u00e4hialueilla on kirjava sikerm\u00e4 el\u00e4myksellisi\u00e4 kokouspuitteita majoituksineen, kokoustiloineen, ohjelmineen ja kuljetuksineen. [...]Read More... from J\u00e4rjest\u00e4 kokous tai tapahtuma Oulun seudulla","og_url":"https:\/\/visitoulufi-2025-10-14_10_27_17.test.cchosting.fi\/en\/meetings-groups\/","og_site_name":"Visit Oulu","article_modified_time":"2025-08-18T08:39:37+00:00","og_image":[{"width":2560,"height":1707,"url":"https:\/\/visitoulufi-2025-10-14_10_27_17.test.cchosting.fi\/wp-content\/uploads\/2022\/05\/VisitOulu_F94I3594-scaled.jpg","type":"image\/jpeg"}],"twitter_card":"summary_large_image","twitter_misc":{"Est. reading time":"4 minutes","Written by":"juha, Helena Pikkarainen"},"schema":{"@context":"https:\/\/schema.org","@graph":[{"@type":"WebPage","@id":"https:\/\/visitoulufi-2025-10-14_10_27_17.test.cchosting.fi\/kokoukset-ryhmat\/","url":"https:\/\/visitoulufi-2025-10-14_10_27_17.test.cchosting.fi\/kokoukset-ryhmat\/","name":"Organise a meeting or event in the Oulu region - Visit Oulu","isPartOf":{"@id":"https:\/\/visitoulufi-2025-10-14_10_27_17.test.cchosting.fi\/#website"},"primaryImageOfPage":{"@id":"https:\/\/visitoulufi-2025-10-14_10_27_17.test.cchosting.fi\/kokoukset-ryhmat\/#primaryimage"},"image":{"@id":"https:\/\/visitoulufi-2025-10-14_10_27_17.test.cchosting.fi\/kokoukset-ryhmat\/#primaryimage"},"thumbnailUrl":"https:\/\/visitoulufi-2025-10-14_10_27_17.test.cchosting.fi\/wp-content\/uploads\/2022\/05\/VisitOulu_F94I3594-scaled.jpg","datePublished":"2022-05-10T10:15:19+00:00","dateModified":"2025-08-18T08:39:37+00:00","breadcrumb":{"@id":"https:\/\/visitoulufi-2025-10-14_10_27_17.test.cchosting.fi\/kokoukset-ryhmat\/#breadcrumb"},"inLanguage":"en-US","potentialAction":[{"@type":"ReadAction","target":["https:\/\/visitoulufi-2025-10-14_10_27_17.test.cchosting.fi\/kokoukset-ryhmat\/"]}]},{"@type":"ImageObject","inLanguage":"en-US","@id":"https:\/\/visitoulufi-2025-10-14_10_27_17.test.cchosting.fi\/kokoukset-ryhmat\/#primaryimage","url":"https:\/\/visitoulufi-2025-10-14_10_27_17.test.cchosting.fi\/wp-content\/uploads\/2022\/05\/VisitOulu_F94I3594-scaled.jpg","contentUrl":"https:\/\/visitoulufi-2025-10-14_10_27_17.test.cchosting.fi\/wp-content\/uploads\/2022\/05\/VisitOulu_F94I3594-scaled.jpg","width":2560,"height":1707,"caption":"Kokous ja kongressi"},{"@type":"BreadcrumbList","@id":"https:\/\/visitoulufi-2025-10-14_10_27_17.test.cchosting.fi\/kokoukset-ryhmat\/#breadcrumb","itemListElement":[{"@type":"ListItem","position":1,"name":"Etusivu","item":"https:\/\/visitoulufi-2025-10-14_10_27_17.test.cchosting.fi\/"},{"@type":"ListItem","position":2,"name":"J\u00e4rjest\u00e4 kokous tai tapahtuma Oulun seudulla"}]},{"@type":"WebSite","@id":"https:\/\/visitoulufi-2025-10-14_10_27_17.test.cchosting.fi\/#website","url":"https:\/\/visitoulufi-2025-10-14_10_27_17.test.cchosting.fi\/","name":"Visit Oulu","description":"","potentialAction":[{"@type":"SearchAction","target":{"@type":"EntryPoint","urlTemplate":"https:\/\/visitoulufi-2025-10-14_10_27_17.test.cchosting.fi\/?s={search_term_string}"},"query-input":{"@type":"PropertyValueSpecification","valueRequired":true,"valueName":"search_term_string"}}],"inLanguage":"en-US"}]}},"_links":{"self":[{"href":"http:\/\/visitoulufi-2025-10-14_10_27_17.test.cchosting.fi\/en\/wp-json\/wp\/v2\/pages\/176","targetHints":{"allow":["GET"]}}],"collection":[{"href":"http:\/\/visitoulufi-2025-10-14_10_27_17.test.cchosting.fi\/en\/wp-json\/wp\/v2\/pages"}],"about":[{"href":"http:\/\/visitoulufi-2025-10-14_10_27_17.test.cchosting.fi\/en\/wp-json\/wp\/v2\/types\/page"}],"author":[{"embeddable":true,"href":"http:\/\/visitoulufi-2025-10-14_10_27_17.test.cchosting.fi\/en\/wp-json\/wp\/v2\/users\/1"}],"replies":[{"embeddable":true,"href":"http:\/\/visitoulufi-2025-10-14_10_27_17.test.cchosting.fi\/en\/wp-json\/wp\/v2\/comments?post=176"}],"version-history":[{"count":80,"href":"http:\/\/visitoulufi-2025-10-14_10_27_17.test.cchosting.fi\/en\/wp-json\/wp\/v2\/pages\/176\/revisions"}],"predecessor-version":[{"id":11843,"href":"http:\/\/visitoulufi-2025-10-14_10_27_17.test.cchosting.fi\/en\/wp-json\/wp\/v2\/pages\/176\/revisions\/11843"}],"wp:featuredmedia":[{"embeddable":true,"href":"http:\/\/visitoulufi-2025-10-14_10_27_17.test.cchosting.fi\/en\/wp-json\/wp\/v2\/media\/399"}],"wp:attachment":[{"href":"http:\/\/visitoulufi-2025-10-14_10_27_17.test.cchosting.fi\/en\/wp-json\/wp\/v2\/media?parent=176"}],"wp:term":[{"taxonomy":"author","embeddable":true,"href":"http:\/\/visitoulufi-2025-10-14_10_27_17.test.cchosting.fi\/en\/wp-json\/wp\/v2\/coauthors?post=176"}],"curies":[{"name":"wp","href":"https:\/\/api.w.org\/{rel}","templated":true}]}}